{"id":7695,"date":"2020-09-15T16:56:09","date_gmt":"2020-09-15T14:56:09","guid":{"rendered":"https:\/\/afev.cat\/recursos\/"},"modified":"2025-07-22T12:52:30","modified_gmt":"2025-07-22T10:52:30","slug":"recursos","status":"publish","type":"page","link":"https:\/\/afev.cat\/es\/recursos\/","title":{"rendered":"Recursos"},"content":{"rendered":"<p>\u00a1AFEV somos un motor incansable de generar <strong>recursos para el voluntariado<\/strong> que participa a nuestros proyectos de mentor\u00eda!<\/p>\n<p>\u00bfEres<span style=\"font-size: inherit;\"> mentor o mentora de <a href=\"https:\/\/afev.cat\/es\/proyectos\/entandem\/\">enT\u00e0ndem<\/a>\u00a0o <a href=\"https:\/\/afev.cat\/es\/proyectos\/prometeus\/\">Prometeus<\/a>? Te gustar\u00eda explorar nuestros recursos, pensados especialmente para ti?<\/span><\/p>\n<p>Los encontrar\u00e1s en la web de <a href=\"https:\/\/entandem.cat\/es\/\" target=\"_blank\" rel=\"noopener noreferrer\">enT\u00e0ndem<\/a>, nuestra <strong>metodolog\u00eda propia de mentor\u00eda social y educativa<\/strong>.<\/p>\n\n\n<div style=\"height:40px\" aria-hidden=\"true\" class=\"wp-block-spacer\"><\/div>\n\n\n<p style=\"text-align: center;\"><a class=\"\" href=\"https:\/\/entandem.cat\/es\/category\/recursos-es\/\" target=\"_blank\" rel=\"noopener noreferrer\">Ver Recursos<\/a><\/p>","protected":false},"excerpt":{"rendered":"<p>\u00a1AFEV somos un motor incansable de generar recursos para el voluntariado que participa a nuestros proyectos de mentor\u00eda! \u00bfEres mentor o mentora de enT\u00e0ndem\u00a0o Prometeus? Te gustar\u00eda explorar nuestros recursos, pensados especialmente para ti? Los encontrar\u00e1s en la web de enT\u00e0ndem, nuestra metodolog\u00eda propia de mentor\u00eda social y educativa. Ver Recursos<\/p>\n","protected":false},"author":1,"featured_media":0,"parent":0,"menu_order":0,"comment_status":"closed","ping_status":"closed","template":"","meta":{"inline_featured_image":false,"footnotes":""},"class_list":["post-7695","page","type-page","status-publish","hentry"],"yoast_head":"<!-- This site is optimized with the Yoast SEO plugin v27.0 - https:\/\/yoast.com\/product\/yoast-seo-wordpress\/ -->\n<title>Recursos - AFEV<\/title>\n<meta name=\"robots\" content=\"index, follow, max-snippet:-1, max-image-preview:large, max-video-preview:-1\" \/>\n<link rel=\"canonical\" href=\"https:\/\/afev.cat\/es\/recursos\/\" \/>\n<meta property=\"og:locale\" content=\"es_ES\" \/>\n<meta property=\"og:type\" content=\"article\" \/>\n<meta property=\"og:title\" content=\"Recursos - AFEV\" \/>\n<meta property=\"og:description\" content=\"\u00a1AFEV somos un motor incansable de generar recursos para el voluntariado que participa a nuestros proyectos de mentor\u00eda! \u00bfEres mentor o mentora de enT\u00e0ndem\u00a0o Prometeus? Te gustar\u00eda explorar nuestros recursos, pensados especialmente para ti? Los encontrar\u00e1s en la web de enT\u00e0ndem, nuestra metodolog\u00eda propia de mentor\u00eda social y educativa. Ver Recursos\" \/>\n<meta property=\"og:url\" content=\"https:\/\/afev.cat\/es\/recursos\/\" \/>\n<meta property=\"og:site_name\" content=\"AFEV\" \/>\n<meta property=\"article:publisher\" content=\"https:\/\/www.facebook.com\/afevcat\" \/>\n<meta property=\"article:modified_time\" content=\"2025-07-22T10:52:30+00:00\" \/>\n<meta name=\"twitter:card\" content=\"summary_large_image\" \/>\n<meta name=\"twitter:site\" content=\"@afevcat\" \/>\n<meta name=\"twitter:label1\" content=\"Tiempo de lectura\" \/>\n\t<meta name=\"twitter:data1\" content=\"1 minuto\" \/>\n<script type=\"application\/ld+json\" class=\"yoast-schema-graph\">{\"@context\":\"https:\/\/schema.org\",\"@graph\":[{\"@type\":\"WebPage\",\"@id\":\"https:\/\/afev.cat\/es\/recursos\/\",\"url\":\"https:\/\/afev.cat\/es\/recursos\/\",\"name\":\"Recursos - AFEV\",\"isPartOf\":{\"@id\":\"https:\/\/afev.cat\/es\/#website\"},\"datePublished\":\"2020-09-15T14:56:09+00:00\",\"dateModified\":\"2025-07-22T10:52:30+00:00\",\"breadcrumb\":{\"@id\":\"https:\/\/afev.cat\/es\/recursos\/#breadcrumb\"},\"inLanguage\":\"es\",\"potentialAction\":[{\"@type\":\"ReadAction\",\"target\":[\"https:\/\/afev.cat\/es\/recursos\/\"]}]},{\"@type\":\"BreadcrumbList\",\"@id\":\"https:\/\/afev.cat\/es\/recursos\/#breadcrumb\",\"itemListElement\":[{\"@type\":\"ListItem\",\"position\":1,\"name\":\"Inici\",\"item\":\"https:\/\/afev.cat\/es\/\"},{\"@type\":\"ListItem\",\"position\":2,\"name\":\"Recursos\"}]},{\"@type\":\"WebSite\",\"@id\":\"https:\/\/afev.cat\/es\/#website\",\"url\":\"https:\/\/afev.cat\/es\/\",\"name\":\"AFEV\",\"description\":\"Voluntariat social entre joves\",\"potentialAction\":[{\"@type\":\"SearchAction\",\"target\":{\"@type\":\"EntryPoint\",\"urlTemplate\":\"https:\/\/afev.cat\/es\/?s={search_term_string}\"},\"query-input\":{\"@type\":\"PropertyValueSpecification\",\"valueRequired\":true,\"valueName\":\"search_term_string\"}}],\"inLanguage\":\"es\"}]}<\/script>\n<!-- \/ Yoast SEO plugin. -->","yoast_head_json":{"title":"Recursos - AFEV","robots":{"index":"index","follow":"follow","max-snippet":"max-snippet:-1","max-image-preview":"max-image-preview:large","max-video-preview":"max-video-preview:-1"},"canonical":"https:\/\/afev.cat\/es\/recursos\/","og_locale":"es_ES","og_type":"article","og_title":"Recursos - AFEV","og_description":"\u00a1AFEV somos un motor incansable de generar recursos para el voluntariado que participa a nuestros proyectos de mentor\u00eda! \u00bfEres mentor o mentora de enT\u00e0ndem\u00a0o Prometeus? Te gustar\u00eda explorar nuestros recursos, pensados especialmente para ti? Los encontrar\u00e1s en la web de enT\u00e0ndem, nuestra metodolog\u00eda propia de mentor\u00eda social y educativa. Ver Recursos","og_url":"https:\/\/afev.cat\/es\/recursos\/","og_site_name":"AFEV","article_publisher":"https:\/\/www.facebook.com\/afevcat","article_modified_time":"2025-07-22T10:52:30+00:00","twitter_card":"summary_large_image","twitter_site":"@afevcat","twitter_misc":{"Tiempo de lectura":"1 minuto"},"schema":{"@context":"https:\/\/schema.org","@graph":[{"@type":"WebPage","@id":"https:\/\/afev.cat\/es\/recursos\/","url":"https:\/\/afev.cat\/es\/recursos\/","name":"Recursos - AFEV","isPartOf":{"@id":"https:\/\/afev.cat\/es\/#website"},"datePublished":"2020-09-15T14:56:09+00:00","dateModified":"2025-07-22T10:52:30+00:00","breadcrumb":{"@id":"https:\/\/afev.cat\/es\/recursos\/#breadcrumb"},"inLanguage":"es","potentialAction":[{"@type":"ReadAction","target":["https:\/\/afev.cat\/es\/recursos\/"]}]},{"@type":"BreadcrumbList","@id":"https:\/\/afev.cat\/es\/recursos\/#breadcrumb","itemListElement":[{"@type":"ListItem","position":1,"name":"Inici","item":"https:\/\/afev.cat\/es\/"},{"@type":"ListItem","position":2,"name":"Recursos"}]},{"@type":"WebSite","@id":"https:\/\/afev.cat\/es\/#website","url":"https:\/\/afev.cat\/es\/","name":"AFEV","description":"Voluntariat social entre joves","potentialAction":[{"@type":"SearchAction","target":{"@type":"EntryPoint","urlTemplate":"https:\/\/afev.cat\/es\/?s={search_term_string}"},"query-input":{"@type":"PropertyValueSpecification","valueRequired":true,"valueName":"search_term_string"}}],"inLanguage":"es"}]}},"_links":{"self":[{"href":"https:\/\/afev.cat\/es\/wp-json\/wp\/v2\/pages\/7695","targetHints":{"allow":["GET"]}}],"collection":[{"href":"https:\/\/afev.cat\/es\/wp-json\/wp\/v2\/pages"}],"about":[{"href":"https:\/\/afev.cat\/es\/wp-json\/wp\/v2\/types\/page"}],"author":[{"embeddable":true,"href":"https:\/\/afev.cat\/es\/wp-json\/wp\/v2\/users\/1"}],"replies":[{"embeddable":true,"href":"https:\/\/afev.cat\/es\/wp-json\/wp\/v2\/comments?post=7695"}],"version-history":[{"count":5,"href":"https:\/\/afev.cat\/es\/wp-json\/wp\/v2\/pages\/7695\/revisions"}],"predecessor-version":[{"id":11145,"href":"https:\/\/afev.cat\/es\/wp-json\/wp\/v2\/pages\/7695\/revisions\/11145"}],"wp:attachment":[{"href":"https:\/\/afev.cat\/es\/wp-json\/wp\/v2\/media?parent=7695"}],"curies":[{"name":"wp","href":"https:\/\/api.w.org\/{rel}","templated":true}]}}