{"id":4456,"date":"2018-01-05T09:29:55","date_gmt":"2018-01-05T08:29:55","guid":{"rendered":"https:\/\/afev.cat\/es\/contacte\/"},"modified":"2021-01-26T14:04:56","modified_gmt":"2021-01-26T13:04:56","slug":"contacto","status":"publish","type":"page","link":"https:\/\/afev.cat\/es\/contacto\/","title":{"rendered":"Contacto"},"content":{"rendered":"<div id=\"pl-4456\"  class=\"panel-layout\" ><div id=\"pg-4456-0\"  class=\"panel-grid panel-has-style\" ><div class=\"siteorigin-panels-stretch panel-row-style panel-row-style-for-4456-0\" data-stretch-type=\"full-stretched\" ><div id=\"pgc-4456-0-0\"  class=\"panel-grid-cell\" ><div id=\"panel-4456-0-0-0\" class=\"so-panel widget widget_sow-google-map panel-first-child\" data-index=\"0\" ><div\n\t\t\t\n\t\t\tclass=\"so-widget-sow-google-map so-widget-sow-google-map-default-0b3e16d27c33-4456\"\n\t\t\t\n\t\t>\n<div class=\"sow-google-map-canvas\"\n\tstyle=\"\"\n\tid=\"map-canvas-23dc8cf474f2a44788e05a3b203793f4\"\n\tdata-options=\"{&quot;address&quot;:&quot;41.3804071, 2.1784115000000384&quot;,&quot;zoom&quot;:11,&quot;mobileZoom&quot;:11,&quot;gestureHandling&quot;:&quot;cooperative&quot;,&quot;disableUi&quot;:true,&quot;markerIcon&quot;:&quot;https:\\\/\\\/afev.cat\\\/wp-content\\\/uploads\\\/2017\\\/12\\\/Recurso-16-150x150.png&quot;,&quot;markersDraggable&quot;:false,&quot;markerAtCenter&quot;:true,&quot;markerInfoDisplay&quot;:&quot;click&quot;,&quot;markerInfoMultiple&quot;:true,&quot;markerPositions&quot;:false,&quot;mapName&quot;:&quot;Mapa personalizado&quot;,&quot;mapStyles&quot;:[{&quot;featureType&quot;:&quot;administrative&quot;,&quot;elementType&quot;:&quot;labels.text.fill&quot;,&quot;stylers&quot;:[{&quot;color&quot;:&quot;#444444&quot;}]},{&quot;featureType&quot;:&quot;landscape&quot;,&quot;elementType&quot;:&quot;all&quot;,&quot;stylers&quot;:[{&quot;color&quot;:&quot;#f2f2f2&quot;}]},{&quot;featureType&quot;:&quot;poi&quot;,&quot;elementType&quot;:&quot;all&quot;,&quot;stylers&quot;:[{&quot;visibility&quot;:&quot;off&quot;}]},{&quot;featureType&quot;:&quot;road&quot;,&quot;elementType&quot;:&quot;all&quot;,&quot;stylers&quot;:[{&quot;saturation&quot;:-100},{&quot;lightness&quot;:45}]},{&quot;featureType&quot;:&quot;road.highway&quot;,&quot;elementType&quot;:&quot;all&quot;,&quot;stylers&quot;:[{&quot;visibility&quot;:&quot;simplified&quot;}]},{&quot;featureType&quot;:&quot;road.highway&quot;,&quot;elementType&quot;:&quot;geometry.fill&quot;,&quot;stylers&quot;:[{&quot;color&quot;:&quot;#ffffff&quot;}]},{&quot;featureType&quot;:&quot;road.arterial&quot;,&quot;elementType&quot;:&quot;labels.icon&quot;,&quot;stylers&quot;:[{&quot;visibility&quot;:&quot;off&quot;}]},{&quot;featureType&quot;:&quot;transit&quot;,&quot;elementType&quot;:&quot;all&quot;,&quot;stylers&quot;:[{&quot;visibility&quot;:&quot;off&quot;}]},{&quot;featureType&quot;:&quot;water&quot;,&quot;elementType&quot;:&quot;all&quot;,&quot;stylers&quot;:[{&quot;color&quot;:&quot;#dde6e8&quot;},{&quot;visibility&quot;:&quot;on&quot;}]}],&quot;directions&quot;:&quot;&quot;,&quot;apiKey&quot;:&quot;AIzaSyDE-ZMlhyFNwURnGHFK2isBoRBsHl1ijhA&quot;,&quot;breakpoint&quot;:780}\"\n\tdata-fallback-image=\"{&quot;img&quot;:&quot;&quot;}\"><\/div>\n<\/div><\/div><div id=\"panel-4456-0-0-1\" class=\"so-panel widget widget_sow-editor\" data-index=\"1\" ><div class=\"panel-widget-style panel-widget-style-for-4456-0-0-1\" ><div\n\t\t\t\n\t\t\tclass=\"so-widget-sow-editor so-widget-sow-editor-base\"\n\t\t\t\n\t\t>\n<div class=\"siteorigin-widget-tinymce textwidget\">\n\t<h4 style=\"font-weight: 600;\">AFEV BARCELONA<\/h4>\n<p>C\/ Aviny\u00f3, 44, 3r, 08002 Barcelona<\/p>\n<p><a href=\"mailto:voluntariat@afev.org\">voluntariat@afev.org<\/a><\/p>\n<p><a href=\"tel:+34936241719\">93 624 17 19<\/a> | <a href=\"tel:+34633264626\">633 26 46 26<\/a><\/p>\n<p>&nbsp;<\/p>\n<\/div>\n<\/div><\/div><\/div><div id=\"panel-4456-0-0-2\" class=\"widget_text so-panel widget widget_custom_html panel-last-child\" data-index=\"2\" ><div class=\"widget_text panel-widget-style panel-widget-style-for-4456-0-0-2\" ><div class=\"textwidget custom-html-widget\"><a href=\"https:\/\/twitter.com\/afevcat\" target=\"_blank\" title=\"Twitter\"><span class=\"fa-stack fa-lg\">\n  <i class=\"fa fa-circle fa-stack-2x\"><\/i>\n  <i class=\"fa fa-twitter fa-stack-1x fa-inverse\"><\/i>\n<\/span><\/a> <a href=\"https:\/\/www.facebook.com\/afevcat\" target=\"_blank\" title=\"Facebook\"><span class=\"fa-stack fa-lg\">\n  <i class=\"fa fa-circle fa-stack-2x\"><\/i>\n  <i class=\"fa fa-facebook fa-stack-1x fa-inverse\"><\/i>\n<\/span><\/a> <a href=\"https:\/\/www.instagram.com\/afevcat\/\" target=\"_blank\" title=\"Instagram\"><span class=\"fa-stack fa-lg\">\n  <i class=\"fa fa-circle fa-stack-2x\"><\/i>\n  <i class=\"fa fa-instagram fa-stack-1x fa-inverse\"><\/i>\n<\/span><\/a><\/div><\/div><\/div><\/div><div id=\"pgc-4456-0-1\"  class=\"panel-grid-cell\" ><div id=\"panel-4456-0-1-0\" class=\"so-panel widget widget_sow-google-map panel-first-child panel-last-child\" data-index=\"3\" ><div\n\t\t\t\n\t\t\tclass=\"so-widget-sow-google-map so-widget-sow-google-map-default-0b3e16d27c33-4456\"\n\t\t\t\n\t\t>\n<div class=\"sow-google-map-canvas\"\n\tstyle=\"\"\n\tid=\"map-canvas-fa4438b806af36b80822dc5544774837\"\n\tdata-options=\"{&quot;address&quot;:&quot;39.4711922, -0.34677510000005896&quot;,&quot;zoom&quot;:11,&quot;mobileZoom&quot;:11,&quot;gestureHandling&quot;:&quot;cooperative&quot;,&quot;disableUi&quot;:true,&quot;markerIcon&quot;:&quot;https:\\\/\\\/afev.cat\\\/wp-content\\\/uploads\\\/2017\\\/12\\\/Recurso-16-150x150.png&quot;,&quot;markersDraggable&quot;:false,&quot;markerAtCenter&quot;:true,&quot;markerInfoDisplay&quot;:&quot;click&quot;,&quot;markerInfoMultiple&quot;:true,&quot;markerPositions&quot;:false,&quot;mapName&quot;:&quot;Mapa personalizado&quot;,&quot;mapStyles&quot;:[{&quot;featureType&quot;:&quot;administrative&quot;,&quot;elementType&quot;:&quot;labels.text.fill&quot;,&quot;stylers&quot;:[{&quot;color&quot;:&quot;#444444&quot;}]},{&quot;featureType&quot;:&quot;landscape&quot;,&quot;elementType&quot;:&quot;all&quot;,&quot;stylers&quot;:[{&quot;color&quot;:&quot;#f2f2f2&quot;}]},{&quot;featureType&quot;:&quot;poi&quot;,&quot;elementType&quot;:&quot;all&quot;,&quot;stylers&quot;:[{&quot;visibility&quot;:&quot;off&quot;}]},{&quot;featureType&quot;:&quot;road&quot;,&quot;elementType&quot;:&quot;all&quot;,&quot;stylers&quot;:[{&quot;saturation&quot;:-100},{&quot;lightness&quot;:45}]},{&quot;featureType&quot;:&quot;road.highway&quot;,&quot;elementType&quot;:&quot;all&quot;,&quot;stylers&quot;:[{&quot;visibility&quot;:&quot;simplified&quot;}]},{&quot;featureType&quot;:&quot;road.highway&quot;,&quot;elementType&quot;:&quot;geometry.fill&quot;,&quot;stylers&quot;:[{&quot;color&quot;:&quot;#ffffff&quot;}]},{&quot;featureType&quot;:&quot;road.arterial&quot;,&quot;elementType&quot;:&quot;labels.icon&quot;,&quot;stylers&quot;:[{&quot;visibility&quot;:&quot;off&quot;}]},{&quot;featureType&quot;:&quot;transit&quot;,&quot;elementType&quot;:&quot;all&quot;,&quot;stylers&quot;:[{&quot;visibility&quot;:&quot;off&quot;}]},{&quot;featureType&quot;:&quot;water&quot;,&quot;elementType&quot;:&quot;all&quot;,&quot;stylers&quot;:[{&quot;color&quot;:&quot;#dde6e8&quot;},{&quot;visibility&quot;:&quot;on&quot;}]}],&quot;directions&quot;:&quot;&quot;,&quot;apiKey&quot;:&quot;AIzaSyDE-ZMlhyFNwURnGHFK2isBoRBsHl1ijhA&quot;,&quot;breakpoint&quot;:780}\"\n\tdata-fallback-image=\"{&quot;img&quot;:&quot;&quot;}\"><\/div>\n<\/div><\/div><\/div><\/div><\/div><div id=\"pg-4456-1\"  class=\"panel-grid panel-has-style\" ><div class=\"siteorigin-panels-stretch panel-row-style panel-row-style-for-4456-1\" id=\"estem\" data-stretch-type=\"full\" ><div id=\"pgc-4456-1-0\"  class=\"panel-grid-cell\" ><div id=\"panel-4456-1-0-0\" class=\"so-panel widget widget_sow-editor panel-first-child\" data-index=\"4\" ><div class=\"panel-widget-style panel-widget-style-for-4456-1-0-0\" ><div\n\t\t\t\n\t\t\tclass=\"so-widget-sow-editor so-widget-sow-editor-base\"\n\t\t\t\n\t\t>\n<div class=\"siteorigin-widget-tinymce textwidget\">\n\t<h4 style=\"font-weight: 600;\">AFEV BARCELONA<\/h4>\n<p>C\/ Aviny\u00f3, 44, 3r, 08002 Barcelona<\/p>\n<p><a href=\"mailto:voluntariat@afev.org\">voluntariat@afev.org<\/a><\/p>\n<p><a href=\"tel:+34936241719\">93 624 17 19<\/a> | <a href=\"tel:+34633264626\">633 26 46 26<\/a><\/p>\n<p>&nbsp;<\/p>\n<\/div>\n<\/div><\/div><\/div><div id=\"panel-4456-1-0-1\" class=\"widget_text so-panel widget widget_custom_html panel-last-child\" data-index=\"5\" ><div class=\"widget_text panel-widget-style panel-widget-style-for-4456-1-0-1\" ><div class=\"textwidget custom-html-widget\"><a href=\"https:\/\/twitter.com\/afevcat\" target=\"_blank\" title=\"Twitter\"><span class=\"fa-stack fa-lg\">\n  <i class=\"fa fa-circle fa-stack-2x\"><\/i>\n  <i class=\"fa fa-twitter fa-stack-1x fa-inverse\"><\/i>\n<\/span><\/a> <a href=\"https:\/\/www.facebook.com\/afevcat\" target=\"_blank\" title=\"Facebook\"><span class=\"fa-stack fa-lg\">\n  <i class=\"fa fa-circle fa-stack-2x\"><\/i>\n  <i class=\"fa fa-facebook fa-stack-1x fa-inverse\"><\/i>\n<\/span><\/a> <a href=\"https:\/\/www.instagram.com\/afevcat\/\" target=\"_blank\" title=\"Instagram\"><span class=\"fa-stack fa-lg\">\n  <i class=\"fa fa-circle fa-stack-2x\"><\/i>\n  <i class=\"fa fa-instagram fa-stack-1x fa-inverse\"><\/i>\n<\/span><\/a>\n<a href=\"https:\/\/www.linkedin.com\/company\/afevcatalunya\" target=\"_blank\" title=\"LinkedIn\"><span class=\"fa-stack fa-lg\">\n  <i class=\"fa fa-circle fa-stack-2x\"><\/i>\n  <i class=\"fa fa-linkedin fa-stack-1x fa-inverse\"><\/i>\n<\/span><\/a><\/div><\/div><\/div><\/div><div id=\"pgc-4456-1-1\"  class=\"panel-grid-cell\" ><div id=\"panel-4456-1-1-0\" class=\"so-panel widget widget_sow-editor panel-first-child\" data-index=\"6\" ><div class=\"panel-widget-style panel-widget-style-for-4456-1-1-0\" ><div\n\t\t\t\n\t\t\tclass=\"so-widget-sow-editor so-widget-sow-editor-base\"\n\t\t\t\n\t\t>\n<div class=\"siteorigin-widget-tinymce textwidget\">\n\t<h4 style=\"font-weight: 600;\">AFEV VALE\u0300NCIA<\/h4>\n<p>C\/ Campoamor, 91, 1a planta, 46022 Vale\u0300ncia<br \/>\n<a href=\"mailto:valencia@afev.org\">valencia@afev.org<\/a><br \/>\n<a href=\"tel:652377260\" target=\"_blank\" rel=\"noopener\">652 37 72 60<\/a><\/p>\n<p>&nbsp;<\/p>\n<\/div>\n<\/div><\/div><\/div><div id=\"panel-4456-1-1-1\" class=\"widget_text so-panel widget widget_custom_html panel-last-child\" data-index=\"7\" ><div class=\"widget_text panel-widget-style panel-widget-style-for-4456-1-1-1\" ><div class=\"textwidget custom-html-widget\"><a href=\"https:\/\/twitter.com\/afevcat\" target=\"_blank\" title=\"Twitter\"><span class=\"fa-stack fa-lg\">\n  <i class=\"fa fa-circle fa-stack-2x\"><\/i>\n  <i class=\"fa fa-twitter fa-stack-1x fa-inverse\"><\/i>\n<\/span><\/a> <a href=\"https:\/\/www.facebook.com\/AfevValencia\/\" target=\"_blank\" title=\"Facebook\"><span class=\"fa-stack fa-lg\">\n  <i class=\"fa fa-circle fa-stack-2x\"><\/i>\n  <i class=\"fa fa-facebook fa-stack-1x fa-inverse\"><\/i>\n<\/span><\/a> <a href=\"https:\/\/www.instagram.com\/afev.valencia\/\" target=\"_blank\" title=\"Instagram\"><span class=\"fa-stack fa-lg\">\n  <i class=\"fa fa-circle fa-stack-2x\"><\/i>\n  <i class=\"fa fa-instagram fa-stack-1x fa-inverse\"><\/i>\n<\/span><\/a>\n<a href=\"https:\/\/www.linkedin.com\/company\/afevcatalunya\" target=\"_blank\" title=\"LinkedIn\"><span class=\"fa-stack fa-lg\">\n  <i class=\"fa fa-circle fa-stack-2x\"><\/i>\n  <i class=\"fa fa-linkedin fa-stack-1x fa-inverse\"><\/i>\n<\/span><\/a><\/div><\/div><\/div><\/div><\/div><\/div><div id=\"pg-4456-2\"  class=\"panel-grid panel-has-style\" ><div class=\"formulari siteorigin-panels-stretch panel-row-style panel-row-style-for-4456-2\" id=\"formulari\" data-stretch-type=\"full\" ><div id=\"pgc-4456-2-0\"  class=\"panel-grid-cell panel-grid-cell-empty\" ><\/div><div id=\"pgc-4456-2-1\"  class=\"panel-grid-cell panel-grid-cell-mobile-last\" ><div id=\"panel-4456-2-1-0\" class=\"so-panel widget widget_sow-editor panel-first-child panel-last-child\" data-index=\"8\" ><div\n\t\t\t\n\t\t\tclass=\"so-widget-sow-editor so-widget-sow-editor-base\"\n\t\t\t\n\t\t>\n<div class=\"siteorigin-widget-tinymce textwidget\">\n\t<h2 style=\"text-align: center;\">Formulario<\/h2>\n<p>&nbsp;<\/p>\n\n<div class=\"wpcf7 no-js\" id=\"wpcf7-f9580-o1\" lang=\"ca\" dir=\"ltr\" data-wpcf7-id=\"9580\">\n<div class=\"screen-reader-response\"><p role=\"status\" aria-live=\"polite\" aria-atomic=\"true\"><\/p> <ul><\/ul><\/div>\n<form action=\"\/es\/wp-json\/wp\/v2\/pages\/4456#wpcf7-f9580-o1\" method=\"post\" class=\"wpcf7-form init wpcf7-acceptance-as-validation\" aria-label=\"Formulari de contacte\" novalidate=\"novalidate\" data-status=\"init\">\n<fieldset class=\"hidden-fields-container\"><input type=\"hidden\" name=\"_wpcf7\" value=\"9580\" \/><input type=\"hidden\" name=\"_wpcf7_version\" value=\"6.1.5\" \/><input type=\"hidden\" name=\"_wpcf7_locale\" value=\"ca\" \/><input type=\"hidden\" name=\"_wpcf7_unit_tag\" value=\"wpcf7-f9580-o1\" \/><input type=\"hidden\" name=\"_wpcf7_container_post\" value=\"0\" \/><input type=\"hidden\" name=\"_wpcf7_posted_data_hash\" value=\"\" \/>\n<\/fieldset>\n<div class=\"row\">\n\t<div class=\"col-sm-12\">\n\t\t<div class=\"form-group\">\n\t\t\t<p><label for=\"yourName\">Nombre y apellidos*<\/label><br \/>\n<span class=\"wpcf7-form-control-wrap\" data-name=\"your-name\"><input size=\"40\" maxlength=\"400\" class=\"wpcf7-form-control wpcf7-text wpcf7-validates-as-required form-control\" id=\"yourName\" aria-required=\"true\" aria-invalid=\"false\" value=\"\" type=\"text\" name=\"your-name\" \/><\/span>\n\t\t\t<\/p>\n\t\t<\/div>\n\t<\/div>\n\t<div class=\"col-sm-12\">\n\t\t<div class=\"form-group\">\n\t\t\t<p><label for=\"yourEmail\">E-mail*<\/label><br \/>\n<span class=\"wpcf7-form-control-wrap\" data-name=\"your-email\"><input size=\"40\" maxlength=\"400\" class=\"wpcf7-form-control wpcf7-email wpcf7-validates-as-required wpcf7-text wpcf7-validates-as-email form-control\" id=\"yourEmail\" aria-required=\"true\" aria-invalid=\"false\" value=\"\" type=\"email\" name=\"your-email\" \/><\/span>\n\t\t\t<\/p>\n\t\t<\/div>\n\t<\/div>\n\t<div class=\"col-sm-12\">\n\t\t<div class=\"form-group\">\n\t\t\t<p><label for=\"yourMessage\">Consulta*<\/label><br \/>\n<span class=\"wpcf7-form-control-wrap\" data-name=\"your-message\"><textarea cols=\"40\" rows=\"10\" maxlength=\"2000\" class=\"wpcf7-form-control wpcf7-textarea wpcf7-validates-as-required form-control\" id=\"yourMessage\" aria-required=\"true\" aria-invalid=\"false\" name=\"your-message\"><\/textarea><\/span>\n\t\t\t<\/p>\n\t\t<\/div>\n\t<\/div>\n\t<div class=\"col-sm-12\">\n\t\t<div class=\"form-group\">\n\t\t\t<p style=\"font-size: 12px;line-height:1.5em;\"><i>En cumplimiento del Reglamento General de Protecci\u00f3n de Datos, le informamos de que sus datos ser\u00e1n incluidos en un fichero registrado a nombre de AFEV, con el fin de poder informar de nuestras actividades. Puede ejercer el derecho de acceso, rectificaci\u00f3n, supresi\u00f3n, limitaci\u00f3n y oposici\u00f3n dirigi\u00e9ndose a <a href=\"mailto:dades@afev.org\">dades@afev.org<\/a>.<\/i>\n\t\t\t<\/p>\n\t\t\t<p><span class=\"wpcf7-form-control-wrap\" data-name=\"accept-this\"><span class=\"wpcf7-form-control wpcf7-acceptance\"><span class=\"wpcf7-list-item\"><label><input type=\"checkbox\" name=\"accept-this\" value=\"1\" aria-invalid=\"false\" \/><span class=\"wpcf7-list-item-label\">He le\u00eddo y acepto la <a href=\"https:\/\/afev.cat\/es\/politica-de-privacidad\/\">Pol\u00edtica de privacidad<\/a>.<\/span><\/label><\/span><\/span><\/span>\n\t\t\t<\/p>\n\t\t<\/div>\n\t<\/div>\n\t<div class=\"col-sm-12\">\n\t\t<div class=\"form-group\">\n\t\t\t<p><input class=\"wpcf7-form-control wpcf7-submit has-spinner btn btn-primary pull-right\" type=\"submit\" value=\"Enviar\" \/>\n\t\t\t<\/p>\n\t\t<\/div>\n\t<\/div>\n<\/div><p style=\"display: none !important;\" class=\"akismet-fields-container\" data-prefix=\"_wpcf7_ak_\"><label>&#916;<textarea name=\"_wpcf7_ak_hp_textarea\" cols=\"45\" rows=\"8\" maxlength=\"100\"><\/textarea><\/label><input type=\"hidden\" id=\"ak_js_1\" name=\"_wpcf7_ak_js\" value=\"122\"\/><script>document.getElementById( \"ak_js_1\" ).setAttribute( \"value\", ( new Date() ).getTime() );<\/script><\/p><div class=\"wpcf7-response-output\" aria-hidden=\"true\"><\/div>\n<\/form>\n<\/div>\n\n<\/div>\n<\/div><\/div><\/div><div id=\"pgc-4456-2-2\"  class=\"panel-grid-cell panel-grid-cell-empty\" ><\/div><\/div><\/div><\/div>","protected":false},"excerpt":{"rendered":"<p>AFEV BARCELONA C\/ Aviny\u00f3, 44, 3r, 08002 Barcelona voluntariat@afev.org 93 624 17 19 | 633 26 46 26 &nbsp; AFEV BARCELONA C\/ Aviny\u00f3, 44, 3r, 08002 Barcelona voluntariat@afev.org 93 624 17 19 | 633 26 46 26 &nbsp; AFEV VALE\u0300NCIA C\/ Campoamor, 91, 1a planta, 46022 Vale\u0300ncia valencia@afev.org 652 37 72 60 &nbsp;<\/p>\n","protected":false},"author":1,"featured_media":0,"parent":0,"menu_order":0,"comment_status":"closed","ping_status":"closed","template":"template-fullwidth.php","meta":{"inline_featured_image":false,"footnotes":""},"class_list":["post-4456","page","type-page","status-publish","hentry"],"yoast_head":"<!-- This site is optimized with the Yoast SEO plugin v27.0 - https:\/\/yoast.com\/product\/yoast-seo-wordpress\/ -->\n<title>Contacto - AFEV<\/title>\n<meta name=\"robots\" content=\"index, follow, max-snippet:-1, max-image-preview:large, max-video-preview:-1\" \/>\n<link rel=\"canonical\" href=\"https:\/\/afev.cat\/es\/contacto\/\" \/>\n<meta property=\"og:locale\" content=\"es_ES\" \/>\n<meta property=\"og:type\" content=\"article\" \/>\n<meta property=\"og:title\" content=\"Contacto - AFEV\" \/>\n<meta property=\"og:description\" content=\"AFEV BARCELONA C\/ Aviny\u00f3, 44, 3r, 08002 Barcelona voluntariat@afev.org 93 624 17 19 | 633 26 46 26 &nbsp; AFEV BARCELONA C\/ Aviny\u00f3, 44, 3r, 08002 Barcelona voluntariat@afev.org 93 624 17 19 | 633 26 46 26 &nbsp; AFEV VALE\u0300NCIA C\/ Campoamor, 91, 1a planta, 46022 Vale\u0300ncia valencia@afev.org 652 37 72 60 &nbsp;\" \/>\n<meta property=\"og:url\" content=\"https:\/\/afev.cat\/es\/contacto\/\" \/>\n<meta property=\"og:site_name\" content=\"AFEV\" \/>\n<meta property=\"article:publisher\" content=\"https:\/\/www.facebook.com\/afevcat\" \/>\n<meta property=\"article:modified_time\" content=\"2021-01-26T13:04:56+00:00\" \/>\n<meta name=\"twitter:card\" content=\"summary_large_image\" \/>\n<meta name=\"twitter:site\" content=\"@afevcat\" \/>\n<script type=\"application\/ld+json\" class=\"yoast-schema-graph\">{\"@context\":\"https:\/\/schema.org\",\"@graph\":[{\"@type\":\"WebPage\",\"@id\":\"https:\/\/afev.cat\/es\/contacto\/\",\"url\":\"https:\/\/afev.cat\/es\/contacto\/\",\"name\":\"Contacto - AFEV\",\"isPartOf\":{\"@id\":\"https:\/\/afev.cat\/es\/#website\"},\"datePublished\":\"2018-01-05T08:29:55+00:00\",\"dateModified\":\"2021-01-26T13:04:56+00:00\",\"breadcrumb\":{\"@id\":\"https:\/\/afev.cat\/es\/contacto\/#breadcrumb\"},\"inLanguage\":\"es\",\"potentialAction\":[{\"@type\":\"ReadAction\",\"target\":[\"https:\/\/afev.cat\/es\/contacto\/\"]}]},{\"@type\":\"BreadcrumbList\",\"@id\":\"https:\/\/afev.cat\/es\/contacto\/#breadcrumb\",\"itemListElement\":[{\"@type\":\"ListItem\",\"position\":1,\"name\":\"Inici\",\"item\":\"https:\/\/afev.cat\/es\/\"},{\"@type\":\"ListItem\",\"position\":2,\"name\":\"Contacto\"}]},{\"@type\":\"WebSite\",\"@id\":\"https:\/\/afev.cat\/es\/#website\",\"url\":\"https:\/\/afev.cat\/es\/\",\"name\":\"AFEV\",\"description\":\"Voluntariat social entre joves\",\"potentialAction\":[{\"@type\":\"SearchAction\",\"target\":{\"@type\":\"EntryPoint\",\"urlTemplate\":\"https:\/\/afev.cat\/es\/?s={search_term_string}\"},\"query-input\":{\"@type\":\"PropertyValueSpecification\",\"valueRequired\":true,\"valueName\":\"search_term_string\"}}],\"inLanguage\":\"es\"}]}<\/script>\n<!-- \/ Yoast SEO plugin. -->","yoast_head_json":{"title":"Contacto - AFEV","robots":{"index":"index","follow":"follow","max-snippet":"max-snippet:-1","max-image-preview":"max-image-preview:large","max-video-preview":"max-video-preview:-1"},"canonical":"https:\/\/afev.cat\/es\/contacto\/","og_locale":"es_ES","og_type":"article","og_title":"Contacto - AFEV","og_description":"AFEV BARCELONA C\/ Aviny\u00f3, 44, 3r, 08002 Barcelona voluntariat@afev.org 93 624 17 19 | 633 26 46 26 &nbsp; AFEV BARCELONA C\/ Aviny\u00f3, 44, 3r, 08002 Barcelona voluntariat@afev.org 93 624 17 19 | 633 26 46 26 &nbsp; AFEV VALE\u0300NCIA C\/ Campoamor, 91, 1a planta, 46022 Vale\u0300ncia valencia@afev.org 652 37 72 60 &nbsp;","og_url":"https:\/\/afev.cat\/es\/contacto\/","og_site_name":"AFEV","article_publisher":"https:\/\/www.facebook.com\/afevcat","article_modified_time":"2021-01-26T13:04:56+00:00","twitter_card":"summary_large_image","twitter_site":"@afevcat","schema":{"@context":"https:\/\/schema.org","@graph":[{"@type":"WebPage","@id":"https:\/\/afev.cat\/es\/contacto\/","url":"https:\/\/afev.cat\/es\/contacto\/","name":"Contacto - AFEV","isPartOf":{"@id":"https:\/\/afev.cat\/es\/#website"},"datePublished":"2018-01-05T08:29:55+00:00","dateModified":"2021-01-26T13:04:56+00:00","breadcrumb":{"@id":"https:\/\/afev.cat\/es\/contacto\/#breadcrumb"},"inLanguage":"es","potentialAction":[{"@type":"ReadAction","target":["https:\/\/afev.cat\/es\/contacto\/"]}]},{"@type":"BreadcrumbList","@id":"https:\/\/afev.cat\/es\/contacto\/#breadcrumb","itemListElement":[{"@type":"ListItem","position":1,"name":"Inici","item":"https:\/\/afev.cat\/es\/"},{"@type":"ListItem","position":2,"name":"Contacto"}]},{"@type":"WebSite","@id":"https:\/\/afev.cat\/es\/#website","url":"https:\/\/afev.cat\/es\/","name":"AFEV","description":"Voluntariat social entre joves","potentialAction":[{"@type":"SearchAction","target":{"@type":"EntryPoint","urlTemplate":"https:\/\/afev.cat\/es\/?s={search_term_string}"},"query-input":{"@type":"PropertyValueSpecification","valueRequired":true,"valueName":"search_term_string"}}],"inLanguage":"es"}]}},"_links":{"self":[{"href":"https:\/\/afev.cat\/es\/wp-json\/wp\/v2\/pages\/4456","targetHints":{"allow":["GET"]}}],"collection":[{"href":"https:\/\/afev.cat\/es\/wp-json\/wp\/v2\/pages"}],"about":[{"href":"https:\/\/afev.cat\/es\/wp-json\/wp\/v2\/types\/page"}],"author":[{"embeddable":true,"href":"https:\/\/afev.cat\/es\/wp-json\/wp\/v2\/users\/1"}],"replies":[{"embeddable":true,"href":"https:\/\/afev.cat\/es\/wp-json\/wp\/v2\/comments?post=4456"}],"version-history":[{"count":8,"href":"https:\/\/afev.cat\/es\/wp-json\/wp\/v2\/pages\/4456\/revisions"}],"predecessor-version":[{"id":8424,"href":"https:\/\/afev.cat\/es\/wp-json\/wp\/v2\/pages\/4456\/revisions\/8424"}],"wp:attachment":[{"href":"https:\/\/afev.cat\/es\/wp-json\/wp\/v2\/media?parent=4456"}],"curies":[{"name":"wp","href":"https:\/\/api.w.org\/{rel}","templated":true}]}}